{"id":1227,"date":"2015-09-09T21:04:58","date_gmt":"2015-09-09T12:04:58","guid":{"rendered":"http:\/\/den-zai.jp\/net\/?page_id=1227"},"modified":"2025-04-22T14:51:20","modified_gmt":"2025-04-22T05:51:20","slug":"request-form","status":"publish","type":"page","link":"https:\/\/den-zai.jp\/net\/request-form\/","title":{"rendered":"\u304a\u554f\u3044\u5408\u308f\u305b\u30d5\u30a9\u30fc\u30e0"},"content":{"rendered":"\t\t<div data-elementor-type=\"wp-page\" data-elementor-id=\"1227\" class=\"elementor elementor-1227\">\n\t\t\t\t\t\t<section class=\"elementor-section elementor-top-section elementor-element elementor-element-c6c54c6 elementor-section-boxed elementor-section-height-default elementor-section-height-default\" data-id=\"c6c54c6\" data-element_type=\"section\">\n\t\t\t\t\t\t<div class=\"elementor-container elementor-column-gap-default\">\n\t\t\t\t\t<div class=\"elementor-column elementor-col-100 elementor-top-column elementor-element elementor-element-b26ccb4\" data-id=\"b26ccb4\" data-element_type=\"column\">\n\t\t\t<div class=\"elementor-widget-wrap elementor-element-populated\">\n\t\t\t\t\t\t<div class=\"elementor-element elementor-element-30bc7ca elementor-widget elementor-widget-image\" data-id=\"30bc7ca\" data-element_type=\"widget\" data-widget_type=\"image.default\">\n\t\t\t\t<div class=\"elementor-widget-container\">\n\t\t\t\t\t\t\t\t\t\t\t\t\t\t\t<img fetchpriority=\"high\" decoding=\"async\" width=\"950\" height=\"111\" src=\"https:\/\/den-zai.jp\/net\/wp-content\/uploads\/2023\/04\/a.png\" class=\"attachment-full size-full wp-image-13423\" alt=\"\" srcset=\"https:\/\/den-zai.jp\/net\/wp-content\/uploads\/2023\/04\/a.png 950w, https:\/\/den-zai.jp\/net\/wp-content\/uploads\/2023\/04\/a-768x90.png 768w, https:\/\/den-zai.jp\/net\/wp-content\/uploads\/2023\/04\/a-300x35.png 300w, https:\/\/den-zai.jp\/net\/wp-content\/uploads\/2023\/04\/a-600x70.png 600w\" sizes=\"(max-width: 950px) 100vw, 950px\" \/>\t\t\t\t\t\t\t\t\t\t\t\t\t\t\t<\/div>\n\t\t\t\t<\/div>\n\t\t\t\t\t<\/div>\n\t\t<\/div>\n\t\t\t\t\t<\/div>\n\t\t<\/section>\n\t\t\t\t<section class=\"elementor-section elementor-top-section elementor-element elementor-element-b4e0bbc elementor-section-boxed elementor-section-height-default elementor-section-height-default\" data-id=\"b4e0bbc\" data-element_type=\"section\">\n\t\t\t\t\t\t<div class=\"elementor-container elementor-column-gap-default\">\n\t\t\t\t\t<div class=\"elementor-column elementor-col-100 elementor-top-column elementor-element elementor-element-04d7edc\" data-id=\"04d7edc\" data-element_type=\"column\">\n\t\t\t<div class=\"elementor-widget-wrap elementor-element-populated\">\n\t\t\t\t\t\t<div class=\"elementor-element elementor-element-fb1ac61 elementor-widget elementor-widget-text-editor\" data-id=\"fb1ac61\" data-element_type=\"widget\" data-widget_type=\"text-editor.default\">\n\t\t\t\t<div class=\"elementor-widget-container\">\n\t\t\t\t\t\t\t\t\t\n<div class=\"wpcf7 no-js\" id=\"wpcf7-f71-o1\" lang=\"ja\" dir=\"ltr\" data-wpcf7-id=\"71\">\n<div class=\"screen-reader-response\"><p role=\"status\" aria-live=\"polite\" aria-atomic=\"true\"><\/p> <ul><\/ul><\/div>\n<script type=\"text\/javascript\" charset=\"UTF-8\" src=\"https:\/\/zipaddr.github.io\/zipaddrx.js?v=1.38\"><\/script><script type=\"text\/javascript\" charset=\"UTF-8\">function zipaddr_ownb(){ZP.dli='-';ZP.wp='1';ZP.uver='6.8.5';ZP.sysid='ContactForm7';}<\/script><script type=\"text\/javascript\" charset=\"UTF-8\" src=\"https:\/\/zipaddr.github.io\/contactform7.js\"><\/script><form action=\"\/net\/wp-json\/wp\/v2\/pages\/1227#wpcf7-f71-o1\" method=\"post\" class=\"wpcf7-form init\" aria-label=\"\u30b3\u30f3\u30bf\u30af\u30c8\u30d5\u30a9\u30fc\u30e0\" enctype=\"multipart\/form-data\" novalidate=\"novalidate\" data-status=\"init\">\n<div style=\"display: none;\">\n<input type=\"hidden\" name=\"_wpcf7\" value=\"71\" \/>\n<input type=\"hidden\" name=\"_wpcf7_version\" value=\"6.0.6\" \/>\n<input type=\"hidden\" name=\"_wpcf7_locale\" value=\"ja\" \/>\n<input type=\"hidden\" name=\"_wpcf7_unit_tag\" value=\"wpcf7-f71-o1\" \/>\n<input type=\"hidden\" name=\"_wpcf7_container_post\" value=\"0\" \/>\n<input type=\"hidden\" name=\"_wpcf7_posted_data_hash\" value=\"\" \/>\n<input type=\"hidden\" name=\"_wpcf7_recaptcha_response\" value=\"\" \/>\n<\/div>\n<p class=\"c2\"><span class=\"m-alert\">\u5fc5\u9808<\/span>\u304a\u540d\u524d\n<\/p>\n<p><span class=\"wpcf7-form-control-wrap\" data-name=\"your-sei\"><input size=\"40\" maxlength=\"400\" class=\"wpcf7-form-control wpcf7-text wpcf7-validates-as-required\" aria-required=\"true\" aria-invalid=\"false\" placeholder=\"\u6c0f\uff08\u4f8b\uff1a\u5c71\u7530\uff09\" value=\"\" type=\"text\" name=\"your-sei\" \/><\/span>\u3000<span class=\"wpcf7-form-control-wrap\" data-name=\"your-mei\"><input size=\"40\" maxlength=\"400\" class=\"wpcf7-form-control wpcf7-text wpcf7-validates-as-required\" aria-required=\"true\" aria-invalid=\"false\" placeholder=\"\u540d\uff08\u4f8b\uff1a\u592a\u90ce\uff09\" value=\"\" type=\"text\" name=\"your-mei\" \/><\/span>\n<\/p>\n<p class=\"c1\"><span class=\"m-alert\">\u5fc5\u9808<\/span>\u304a\u96fb\u8a71\u756a\u53f7\n<\/p>\n<p>\u3000\u3000<span class=\"wpcf7-form-control-wrap\" data-name=\"tel\"><input size=\"40\" maxlength=\"400\" class=\"wpcf7-form-control wpcf7-text wpcf7-validates-as-required\" aria-required=\"true\" aria-invalid=\"false\" placeholder=\"\u30cf\u30a4\u30d5\u30f3(-)\u4ed8\u304d\u3067\u3054\u8a18\u5165\u304f\u3060\u3055\u3044\u3002\" value=\"\" type=\"text\" name=\"tel\" \/><\/span>\n<\/p>\n<p class=\"c2\"><span class=\"m-alert\">\u5fc5\u9808<\/span>\u30e1\u30fc\u30eb\u30a2\u30c9\u30ec\u30b9\n<\/p>\n<p><span class=\"wpcf7-form-control-wrap\" data-name=\"your-email\"><input size=\"40\" maxlength=\"400\" class=\"wpcf7-form-control wpcf7-email wpcf7-validates-as-required wpcf7-text wpcf7-validates-as-email\" aria-required=\"true\" aria-invalid=\"false\" placeholder=\"\u4f8b\uff1a\u00d7\u00d7\u00d7@\u00d7\u00d7\u00d7.com\" value=\"\" type=\"email\" name=\"your-email\" \/><\/span>\n<\/p>\n<p class=\"c1\"><span>[\u4efb\u610f]<\/span>\u3054\u4f4f\u6240\n<\/p>\n<p><span class=\"wpcf7-form-control-wrap\" data-name=\"your-zyusyo\"><input size=\"40\" maxlength=\"400\" class=\"wpcf7-form-control wpcf7-text wpcf7-validates-as-required\" aria-required=\"true\" aria-invalid=\"false\" placeholder=\"\u4f8b\uff1a\u4f4f\u6240\u3092\u3054\u8a18\u5165\u9802\u304f\u3068\u512a\u5148\u7684\u306b\u3054\u9023\u7d61\u3055\u305b\u3066\u9802\u304d\u307e\u3059\u3002\" value=\"\" type=\"text\" name=\"your-zyusyo\" \/><\/span>\n<\/p>\n<p class=\"c2\">\u5546\u54c1\u306e\u5199\u771f(\u4efb\u610f)\n<\/p>\n<p><span class=\"wpcf7-form-control-wrap\" data-name=\"file\"><input size=\"40\" class=\"wpcf7-form-control wpcf7-file\" accept=\".jpg,.png,.bmp,.jpeg,.gif\" aria-invalid=\"false\" type=\"file\" name=\"file\" \/><\/span>\n<\/p>\n<p class=\"c1\">\u5546\u54c1\u306e\u5199\u771f(\u4efb\u610f)\n<\/p>\n<p><span class=\"wpcf7-form-control-wrap\" data-name=\"file2\"><input size=\"40\" class=\"wpcf7-form-control wpcf7-file\" accept=\".jpg,.png,.bmp,.jpeg,.gif\" aria-invalid=\"false\" type=\"file\" name=\"file2\" \/><\/span>\n<\/p>\n<p class=\"c2\">\u5546\u54c1\u306e\u5199\u771f(\u4efb\u610f)\n<\/p>\n<p><span class=\"wpcf7-form-control-wrap\" data-name=\"file3\"><input size=\"40\" class=\"wpcf7-form-control wpcf7-file\" accept=\".jpg,.png,.bmp,.jpeg,.gif\" aria-invalid=\"false\" type=\"file\" name=\"file3\" \/><\/span>\n<\/p>\n<p class=\"c1\">\u5546\u54c1\u306e\u5199\u771f(\u4efb\u610f)\n<\/p>\n<p><span class=\"wpcf7-form-control-wrap\" data-name=\"file4\"><input size=\"40\" class=\"wpcf7-form-control wpcf7-file\" accept=\".jpg,.png,.bmp,.jpeg,.gif\" aria-invalid=\"false\" type=\"file\" name=\"file4\" \/><\/span>\n<\/p>\n<p class=\"c2\">\u5546\u54c1\u306e\u5199\u771f(\u4efb\u610f)\n<\/p>\n<p><span class=\"wpcf7-form-control-wrap\" data-name=\"file5\"><input size=\"40\" class=\"wpcf7-form-control wpcf7-file\" accept=\".jpg,.png,.bmp,.jpeg,.gif\" aria-invalid=\"false\" type=\"file\" name=\"file5\" \/><\/span>\n<\/p>\n<p class=\"c1\">\u5f53\u30b5\u30a4\u30c8\u3092\u77e5\u3063\u305f\u7d4c\u7def\n<\/p>\n<p><span class=\"wpcf7-form-control-wrap\" data-name=\"checkbox-30\"><span class=\"wpcf7-form-control wpcf7-checkbox wpcf7-validates-as-required\"><span class=\"wpcf7-list-item first\"><label><input type=\"checkbox\" name=\"checkbox-30[]\" value=\"\u30cd\u30c3\u30c8\u691c\u7d22\" \/><span class=\"wpcf7-list-item-label\">\u30cd\u30c3\u30c8\u691c\u7d22<\/span><\/label><\/span><span class=\"wpcf7-list-item\"><label><input type=\"checkbox\" name=\"checkbox-30[]\" value=\"\u30cd\u30c3\u30c8\u5e83\u544a\" \/><span class=\"wpcf7-list-item-label\">\u30cd\u30c3\u30c8\u5e83\u544a<\/span><\/label><\/span><span class=\"wpcf7-list-item last\"><label><input type=\"checkbox\" name=\"checkbox-30[]\" value=\"\u30af\u30ea\u30a2\u30d5\u30a1\u30a4\u30eb\" \/><span class=\"wpcf7-list-item-label\">\u30af\u30ea\u30a2\u30d5\u30a1\u30a4\u30eb<\/span><\/label><\/span><\/span><\/span>\n<\/p>\n<p class=\"c1 last\"><span class=\"m-alert\">\u5fc5\u9808<\/span>\u30e1\u30c3\u30bb\u30fc\u30b8\u672c\u6587\n<\/p>\n<p><span class=\"wpcf7-form-control-wrap\" data-name=\"your-message\"><textarea cols=\"40\" rows=\"10\" maxlength=\"2000\" class=\"wpcf7-form-control wpcf7-textarea wpcf7-validates-as-required\" aria-required=\"true\" aria-invalid=\"false\" placeholder=\"\u4f8b\uff1a\u304a\u554f\u3044\u5408\u308f\u305b\u5185\u5bb9\u3092\u3054\u8a18\u5165\u304f\u3060\u3055\u3044\u3002\" name=\"your-message\"><\/textarea><\/span>\n<\/p>\n<p align=\"right\" style=\"text-align: center;\"><a href=\"https:\/\/den-zai.jp\/net\/privacy\/\" target=\"_blank\" rel=\"noopener\">\u30d7\u30e9\u30a4\u30d0\u30b7\u30fc\u30dd\u30ea\u30b7\u30fc<\/a>\u3092\u3054\u4e00\u8aad\u9802\u304d\u3001\u3054\u540c\u610f\u9802\u3051\u308b\u5834\u5408\u306e\u307f\u4e0b\u8a18\u306e\u300c\u9001\u4fe1\u3059\u308b\u300d\u30dc\u30bf\u30f3\u3092\u62bc\u3057\u3066\u4e0b\u3055\u3044\u3002\n<\/p>\n<p><input class=\"wpcf7-form-control wpcf7-submit has-spinner\" type=\"submit\" value=\"\u9001\u4fe1\u3059\u308b\" \/>\n<\/p><p style=\"display: none !important;\" class=\"akismet-fields-container\" data-prefix=\"_wpcf7_ak_\"><label>&#916;<textarea name=\"_wpcf7_ak_hp_textarea\" cols=\"45\" rows=\"8\" maxlength=\"100\"><\/textarea><\/label><input type=\"hidden\" id=\"ak_js_1\" name=\"_wpcf7_ak_js\" value=\"225\"\/><script>document.getElementById( \"ak_js_1\" ).setAttribute( \"value\", ( new Date() ).getTime() );<\/script><\/p><div class=\"wpcf7-response-output\" aria-hidden=\"true\"><\/div>\n<\/form>\n<\/div>\n\t\t\t\t\t\t\t\t<\/div>\n\t\t\t\t<\/div>\n\t\t\t\t\t<\/div>\n\t\t<\/div>\n\t\t\t\t\t<\/div>\n\t\t<\/section>\n\t\t\t\t<\/div>\n\t\t","protected":false},"excerpt":{"rendered":"","protected":false},"author":1,"featured_media":0,"parent":0,"menu_order":35,"comment_status":"closed","ping_status":"closed","template":"elementor_header_footer","meta":{"footnotes":""},"class_list":["post-1227","page","type-page","status-publish","hentry"],"_links":{"self":[{"href":"https:\/\/den-zai.jp\/net\/wp-json\/wp\/v2\/pages\/1227","targetHints":{"allow":["GET"]}}],"collection":[{"href":"https:\/\/den-zai.jp\/net\/wp-json\/wp\/v2\/pages"}],"about":[{"href":"https:\/\/den-zai.jp\/net\/wp-json\/wp\/v2\/types\/page"}],"author":[{"embeddable":true,"href":"https:\/\/den-zai.jp\/net\/wp-json\/wp\/v2\/users\/1"}],"replies":[{"embeddable":true,"href":"https:\/\/den-zai.jp\/net\/wp-json\/wp\/v2\/comments?post=1227"}],"version-history":[{"count":29,"href":"https:\/\/den-zai.jp\/net\/wp-json\/wp\/v2\/pages\/1227\/revisions"}],"predecessor-version":[{"id":13555,"href":"https:\/\/den-zai.jp\/net\/wp-json\/wp\/v2\/pages\/1227\/revisions\/13555"}],"wp:attachment":[{"href":"https:\/\/den-zai.jp\/net\/wp-json\/wp\/v2\/media?parent=1227"}],"curies":[{"name":"wp","href":"https:\/\/api.w.org\/{rel}","templated":true}]}}